{"id":2,"date":"2010-09-27T01:06:48","date_gmt":"2010-09-27T01:06:48","guid":{"rendered":"http:\/\/icelandgeology.net\/?page_id=2"},"modified":"2024-01-29T00:40:15","modified_gmt":"2024-01-29T00:40:15","slug":"about","status":"publish","type":"page","link":"https:\/\/icelandgeology.net\/?page_id=2","title":{"rendered":"About"},"content":{"rendered":"<p>This website is about volcano and earthquake events in Iceland. Along with other general geology and other interesting facts about Iceland. This website is free and if you can support it with donations that would be great. <\/p>\n<p>Picture in top banner: J\u00f3n Fr\u00edmann J\u00f3nsson<\/p>\n","protected":false},"excerpt":{"rendered":"<p>This website is about volcano and earthquake events in Iceland. Along with other general geology and other interesting facts about Iceland. This website is free and if you can support it with donations that would be great. Picture in top banner: J\u00f3n Fr\u00edmann J\u00f3nsson<\/p>\n","protected":false},"author":2,"featured_media":0,"parent":0,"menu_order":0,"comment_status":"closed","ping_status":"closed","template":"","meta":{"footnotes":""},"class_list":["post-2","page","type-page","status-publish","hentry"],"_links":{"self":[{"href":"https:\/\/icelandgeology.net\/index.php?rest_route=\/wp\/v2\/pages\/2","targetHints":{"allow":["GET"]}}],"collection":[{"href":"https:\/\/icelandgeology.net\/index.php?rest_route=\/wp\/v2\/pages"}],"about":[{"href":"https:\/\/icelandgeology.net\/index.php?rest_route=\/wp\/v2\/types\/page"}],"author":[{"embeddable":true,"href":"https:\/\/icelandgeology.net\/index.php?rest_route=\/wp\/v2\/users\/2"}],"replies":[{"embeddable":true,"href":"https:\/\/icelandgeology.net\/index.php?rest_route=%2Fwp%2Fv2%2Fcomments&post=2"}],"version-history":[{"count":12,"href":"https:\/\/icelandgeology.net\/index.php?rest_route=\/wp\/v2\/pages\/2\/revisions"}],"predecessor-version":[{"id":12484,"href":"https:\/\/icelandgeology.net\/index.php?rest_route=\/wp\/v2\/pages\/2\/revisions\/12484"}],"wp:attachment":[{"href":"https:\/\/icelandgeology.net\/index.php?rest_route=%2Fwp%2Fv2%2Fmedia&parent=2"}],"curies":[{"name":"wp","href":"https:\/\/api.w.org\/{rel}","templated":true}]}}